{"id":1868,"date":"2025-08-24T18:36:42","date_gmt":"2025-08-24T18:36:42","guid":{"rendered":"https:\/\/thegrandedaringadventure.org\/?page_id=1868"},"modified":"2026-04-19T00:10:48","modified_gmt":"2026-04-18T22:10:48","slug":"chaos-return-of-the-goddess-the-great-work","status":"publish","type":"page","link":"https:\/\/thegrandedaringadventure.org\/tr\/chaos-return-of-the-goddess-the-great-work\/","title":{"rendered":"Chaos &#8211; Return of the Goddess &#8211; The Great Work"},"content":{"rendered":"<p>This page is only for the ones who are doing the Great Work! <a href=\"https:\/\/thegrandedaringadventure.org\/tr\/urun-kategori\/the-great-work\/\">Click here<\/a> to join now! If you are already enrolled please <a href=\"https:\/\/thegrandedaringadventure.org\/tr\/login\/\">login.<\/a><\/p>\n<p>Bu sayfa sadece the Great Work u yapanlar i\u00e7in! <a href=\"https:\/\/thegrandedaringadventure.org\/tr\/urun-kategori\/the-great-work\/\">Buraya t\u0131klayarak<\/a> \u015fimdi kat\u0131l! E\u011fer hali haz\u0131rda kaydolduysan l\u00fctfen <a href=\"https:\/\/thegrandedaringadventure.org\/tr\/login\/\">giri\u015f yap.&lt;<\/a><\/p>","protected":false},"excerpt":{"rendered":"<p>This page is only for the ones who are doing the Great Work! Click here to join now! If you [&hellip;]<\/p>\n","protected":false},"author":1,"featured_media":0,"parent":0,"menu_order":0,"comment_status":"closed","ping_status":"closed","template":"","meta":{"iawp_total_views":177,"footnotes":""},"class_list":["post-1868","page","type-page","status-publish","hentry"],"blocksy_meta":{"has_hero_section":"disabled","styles_descriptor":{"styles":{"desktop":"","tablet":"","mobile":""},"google_fonts":[],"version":6}},"_links":{"self":[{"href":"https:\/\/thegrandedaringadventure.org\/tr\/wp-json\/wp\/v2\/pages\/1868","targetHints":{"allow":["GET"]}}],"collection":[{"href":"https:\/\/thegrandedaringadventure.org\/tr\/wp-json\/wp\/v2\/pages"}],"about":[{"href":"https:\/\/thegrandedaringadventure.org\/tr\/wp-json\/wp\/v2\/types\/page"}],"author":[{"embeddable":true,"href":"https:\/\/thegrandedaringadventure.org\/tr\/wp-json\/wp\/v2\/users\/1"}],"replies":[{"embeddable":true,"href":"https:\/\/thegrandedaringadventure.org\/tr\/wp-json\/wp\/v2\/comments?post=1868"}],"version-history":[{"count":50,"href":"https:\/\/thegrandedaringadventure.org\/tr\/wp-json\/wp\/v2\/pages\/1868\/revisions"}],"predecessor-version":[{"id":3020,"href":"https:\/\/thegrandedaringadventure.org\/tr\/wp-json\/wp\/v2\/pages\/1868\/revisions\/3020"}],"wp:attachment":[{"href":"https:\/\/thegrandedaringadventure.org\/tr\/wp-json\/wp\/v2\/media?parent=1868"}],"curies":[{"name":"wp","href":"https:\/\/api.w.org\/{rel}","templated":true}]}}