{"id":572,"date":"2025-07-09T08:36:23","date_gmt":"2025-07-09T08:36:23","guid":{"rendered":"https:\/\/thegrandedaringadventure.org\/?page_id=572"},"modified":"2025-08-01T19:28:42","modified_gmt":"2025-08-01T19:28:42","slug":"blog","status":"publish","type":"page","link":"https:\/\/thegrandedaringadventure.org\/tr\/blog\/","title":{"rendered":"Blog"},"content":{"rendered":"<div data-elementor-type=\"wp-page\" data-elementor-id=\"572\" class=\"elementor elementor-572\">\n\t\t\t\t<div class=\"elementor-element elementor-element-0e9314e e-flex e-con-boxed e-con e-parent\" data-id=\"0e9314e\" data-element_type=\"container\" data-e-type=\"container\">\n\t\t\t\t\t<div class=\"e-con-inner\">\n\t\t\t\t<div class=\"elementor-element elementor-element-bd182b4 premium-title-color elementor-widget elementor-widget-premium-addon-title\" data-id=\"bd182b4\" data-element_type=\"widget\" data-e-type=\"widget\" data-widget_type=\"premium-addon-title.default\">\n\t\t\t\t\t\n\t\t<div class=\"premium-title-container style1\">\n\t\t\t<h2 class=\"premium-title-header premium-title-style1\">\n\t\t\t\t\n\t\t\t\t\n\t\t\t\t\t\t\t\t\t\t\t\t<span class=\"premium-title-text\">\n\t\t\t\t\tEn Yeni Blog Payla\u015f\u0131mlar\u0131\t\t\t\t<\/span>\n\t\t\t\t\t\n\t\t\t\t\t\t\t\t\n\t\t\t\t\t\t\t<\/h2>\n\n\t\t<\/div>\n\n\t\t\t\t\t\t<\/div>\n\t\t\t\t\t<\/div>\n\t\t\t\t<\/div>\n\t\t<div class=\"elementor-element elementor-element-d34c2ab e-flex e-con-boxed e-con e-parent\" data-id=\"d34c2ab\" data-element_type=\"container\" data-e-type=\"container\">\n\t\t\t\t\t<div class=\"e-con-inner\">\n\t\t\t\t<div class=\"elementor-element elementor-element-029f340 elementor-grid-eael-col-3 elementor-grid-tablet-eael-col-2 elementor-grid-mobile-eael-col-1 elementor-widget elementor-widget-eael-post-grid\" data-id=\"029f340\" data-element_type=\"widget\" data-e-type=\"widget\" data-settings=\"{&quot;eael_post_grid_columns&quot;:&quot;eael-col-3&quot;,&quot;eael_post_grid_columns_tablet&quot;:&quot;eael-col-2&quot;,&quot;eael_post_grid_columns_mobile&quot;:&quot;eael-col-1&quot;}\" data-widget_type=\"eael-post-grid.default\">\n\t\t\t\t\t<div id=\"eael-post-grid-029f340\" class=\"eael-post-grid-container\">\n            <div class=\"eael-post-grid eael-post-appender eael-post-appender-029f340 eael-post-grid-style-two\" data-layout-mode=\"grid\"><article class=\"eael-grid-post  eael-post-grid-column eael-pg-post-3025 category-blog-monthly-newsletter\" data-id=\"3025\">\n    <div class=\"eael-grid-post-holder\">\n        <div class=\"eael-grid-post-holder-inner\"><div class=\"eael-entry-media\"><div class=\"eael-entry-overlay fade-in\"><i class=\"fas fa-long-arrow-alt-right\" aria-hidden=\"true\"><\/i><a href=\"https:\/\/thegrandedaringadventure.org\/tr\/2026\/04\/19\/power-edition-is-now-released\/\"><\/a><\/div><div class=\"eael-entry-thumbnail\">\n                            <img fetchpriority=\"high\" decoding=\"async\" width=\"768\" height=\"451\" src=\"https:\/\/thegrandedaringadventure.org\/wp-content\/uploads\/2026\/04\/15-768x451.png\" class=\"attachment-medium_large size-medium_large wp-image-3026\" alt=\"\" srcset=\"https:\/\/thegrandedaringadventure.org\/wp-content\/uploads\/2026\/04\/15-768x451.png 768w, https:\/\/thegrandedaringadventure.org\/wp-content\/uploads\/2026\/04\/15-300x176.png 300w, https:\/\/thegrandedaringadventure.org\/wp-content\/uploads\/2026\/04\/15-1024x601.png 1024w, https:\/\/thegrandedaringadventure.org\/wp-content\/uploads\/2026\/04\/15-18x12.png 18w, https:\/\/thegrandedaringadventure.org\/wp-content\/uploads\/2026\/04\/15-600x352.png 600w, https:\/\/thegrandedaringadventure.org\/wp-content\/uploads\/2026\/04\/15.png 1080w\" sizes=\"(max-width: 768px) 100vw, 768px\" \/>\n                            <\/div>\n                    <\/div><div class=\"eael-entry-wrapper\"><header class=\"eael-entry-header\"><h2 class=\"eael-entry-title\"><a class=\"eael-grid-post-link\" href=\"https:\/\/thegrandedaringadventure.org\/tr\/2026\/04\/19\/power-edition-is-now-released\/\" title=\"Power Edition Is Now Released\">Power Edition Is Now Released<\/a><\/h2><\/header><div class=\"eael-entry-header-after style-two\"><div class=\"eael-entry-meta\"><span class=\"eael-posted-on eael-meta-posted-on\"><i class=\"far fa-clock\"><\/i><time datetime=\"Nisan 19, 2026\">Nisan 19, 2026<\/time><\/span><\/div><\/div><div class=\"eael-entry-content\">\n                                <div class=\"eael-grid-post-excerpt\"><p>This month we're exploring love!<\/p><a href=\"https:\/\/thegrandedaringadventure.org\/tr\/2026\/04\/19\/power-edition-is-now-released\/\" class=\"eael-post-elements-readmore-btn\">Read More<\/a><\/div>\n                            <\/div><\/div><\/div>\n    <\/div>\n<\/article><article class=\"eael-grid-post  eael-post-grid-column eael-pg-post-2953 category-blog-monthly-newsletter\" data-id=\"2953\">\n    <div class=\"eael-grid-post-holder\">\n        <div class=\"eael-grid-post-holder-inner\"><div class=\"eael-entry-media\"><div class=\"eael-entry-overlay fade-in\"><i class=\"fas fa-long-arrow-alt-right\" aria-hidden=\"true\"><\/i><a href=\"https:\/\/thegrandedaringadventure.org\/tr\/2026\/03\/31\/charioteer-edition-is-now-released\/\"><\/a><\/div><div class=\"eael-entry-thumbnail\">\n                            <img decoding=\"async\" width=\"768\" height=\"455\" src=\"https:\/\/thegrandedaringadventure.org\/wp-content\/uploads\/2026\/03\/13-768x455.png\" class=\"attachment-medium_large size-medium_large wp-image-2954\" alt=\"\" srcset=\"https:\/\/thegrandedaringadventure.org\/wp-content\/uploads\/2026\/03\/13-768x455.png 768w, https:\/\/thegrandedaringadventure.org\/wp-content\/uploads\/2026\/03\/13-300x178.png 300w, https:\/\/thegrandedaringadventure.org\/wp-content\/uploads\/2026\/03\/13-1024x607.png 1024w, https:\/\/thegrandedaringadventure.org\/wp-content\/uploads\/2026\/03\/13-18x12.png 18w, https:\/\/thegrandedaringadventure.org\/wp-content\/uploads\/2026\/03\/13-600x356.png 600w, https:\/\/thegrandedaringadventure.org\/wp-content\/uploads\/2026\/03\/13.png 1080w\" sizes=\"(max-width: 768px) 100vw, 768px\" \/>\n                            <\/div>\n                    <\/div><div class=\"eael-entry-wrapper\"><header class=\"eael-entry-header\"><h2 class=\"eael-entry-title\"><a class=\"eael-grid-post-link\" href=\"https:\/\/thegrandedaringadventure.org\/tr\/2026\/03\/31\/charioteer-edition-is-now-released\/\" title=\"Charioteer Edition Is Now Released\">Charioteer Edition Is Now Released<\/a><\/h2><\/header><div class=\"eael-entry-header-after style-two\"><div class=\"eael-entry-meta\"><span class=\"eael-posted-on eael-meta-posted-on\"><i class=\"far fa-clock\"><\/i><time datetime=\"Mart 31, 2026\">Mart 31, 2026<\/time><\/span><\/div><\/div><div class=\"eael-entry-content\">\n                                <div class=\"eael-grid-post-excerpt\"><p>This month we're exploring love!<\/p><a href=\"https:\/\/thegrandedaringadventure.org\/tr\/2026\/03\/31\/charioteer-edition-is-now-released\/\" class=\"eael-post-elements-readmore-btn\">Read More<\/a><\/div>\n                            <\/div><\/div><\/div>\n    <\/div>\n<\/article><article class=\"eael-grid-post  eael-post-grid-column eael-pg-post-2929 category-blog-monthly-newsletter\" data-id=\"2929\">\n    <div class=\"eael-grid-post-holder\">\n        <div class=\"eael-grid-post-holder-inner\"><div class=\"eael-entry-media\"><div class=\"eael-entry-overlay fade-in\"><i class=\"fas fa-long-arrow-alt-right\" aria-hidden=\"true\"><\/i><a href=\"https:\/\/thegrandedaringadventure.org\/tr\/2026\/02\/28\/love-edition-is-now-released\/\"><\/a><\/div><div class=\"eael-entry-thumbnail\">\n                            <img decoding=\"async\" width=\"768\" height=\"469\" src=\"https:\/\/thegrandedaringadventure.org\/wp-content\/uploads\/2026\/02\/11-768x469.png\" class=\"attachment-medium_large size-medium_large wp-image-2930\" alt=\"\" srcset=\"https:\/\/thegrandedaringadventure.org\/wp-content\/uploads\/2026\/02\/11-768x469.png 768w, https:\/\/thegrandedaringadventure.org\/wp-content\/uploads\/2026\/02\/11-300x183.png 300w, https:\/\/thegrandedaringadventure.org\/wp-content\/uploads\/2026\/02\/11-1024x626.png 1024w, https:\/\/thegrandedaringadventure.org\/wp-content\/uploads\/2026\/02\/11-18x12.png 18w, https:\/\/thegrandedaringadventure.org\/wp-content\/uploads\/2026\/02\/11-600x367.png 600w, https:\/\/thegrandedaringadventure.org\/wp-content\/uploads\/2026\/02\/11.png 1080w\" sizes=\"(max-width: 768px) 100vw, 768px\" \/>\n                            <\/div>\n                    <\/div><div class=\"eael-entry-wrapper\"><header class=\"eael-entry-header\"><h2 class=\"eael-entry-title\"><a class=\"eael-grid-post-link\" href=\"https:\/\/thegrandedaringadventure.org\/tr\/2026\/02\/28\/love-edition-is-now-released\/\" title=\"Love Edition Is Now Released\">Love Edition Is Now Released<\/a><\/h2><\/header><div class=\"eael-entry-header-after style-two\"><div class=\"eael-entry-meta\"><span class=\"eael-posted-on eael-meta-posted-on\"><i class=\"far fa-clock\"><\/i><time datetime=\"\u015eubat 28, 2026\">\u015eubat 28, 2026<\/time><\/span><\/div><\/div><div class=\"eael-entry-content\">\n                                <div class=\"eael-grid-post-excerpt\"><p>This month we're exploring love!<\/p><a href=\"https:\/\/thegrandedaringadventure.org\/tr\/2026\/02\/28\/love-edition-is-now-released\/\" class=\"eael-post-elements-readmore-btn\">Read More<\/a><\/div>\n                            <\/div><\/div><\/div>\n    <\/div>\n<\/article><article class=\"eael-grid-post  eael-post-grid-column eael-pg-post-2840 category-blog-monthly-newsletter\" data-id=\"2840\">\n    <div class=\"eael-grid-post-holder\">\n        <div class=\"eael-grid-post-holder-inner\"><div class=\"eael-entry-media\"><div class=\"eael-entry-overlay fade-in\"><i class=\"fas fa-long-arrow-alt-right\" aria-hidden=\"true\"><\/i><a href=\"https:\/\/thegrandedaringadventure.org\/tr\/2026\/01\/31\/dominion-edition-is-now-released\/\"><\/a><\/div><div class=\"eael-entry-thumbnail\">\n                            <img loading=\"lazy\" decoding=\"async\" width=\"768\" height=\"466\" src=\"https:\/\/thegrandedaringadventure.org\/wp-content\/uploads\/2025\/11\/News-Eng-768x466.jpg\" class=\"attachment-medium_large size-medium_large wp-image-2579\" alt=\"\" srcset=\"https:\/\/thegrandedaringadventure.org\/wp-content\/uploads\/2025\/11\/News-Eng-768x466.jpg 768w, https:\/\/thegrandedaringadventure.org\/wp-content\/uploads\/2025\/11\/News-Eng-300x182.jpg 300w, https:\/\/thegrandedaringadventure.org\/wp-content\/uploads\/2025\/11\/News-Eng-1024x621.jpg 1024w, https:\/\/thegrandedaringadventure.org\/wp-content\/uploads\/2025\/11\/News-Eng-18x12.jpg 18w, https:\/\/thegrandedaringadventure.org\/wp-content\/uploads\/2025\/11\/News-Eng-600x364.jpg 600w, https:\/\/thegrandedaringadventure.org\/wp-content\/uploads\/2025\/11\/News-Eng.jpg 1080w\" sizes=\"(max-width: 768px) 100vw, 768px\" \/>\n                            <\/div>\n                    <\/div><div class=\"eael-entry-wrapper\"><header class=\"eael-entry-header\"><h2 class=\"eael-entry-title\"><a class=\"eael-grid-post-link\" href=\"https:\/\/thegrandedaringadventure.org\/tr\/2026\/01\/31\/dominion-edition-is-now-released\/\" title=\"Dominion Edition Is Now Released\">Dominion Edition Is Now Released<\/a><\/h2><\/header><div class=\"eael-entry-header-after style-two\"><div class=\"eael-entry-meta\"><span class=\"eael-posted-on eael-meta-posted-on\"><i class=\"far fa-clock\"><\/i><time datetime=\"Ocak 31, 2026\">Ocak 31, 2026<\/time><\/span><\/div><\/div><div class=\"eael-entry-content\">\n                                <div class=\"eael-grid-post-excerpt\"><p>This month we're exploring dominion!<\/p><a href=\"https:\/\/thegrandedaringadventure.org\/tr\/2026\/01\/31\/dominion-edition-is-now-released\/\" class=\"eael-post-elements-readmore-btn\">Read More<\/a><\/div>\n                            <\/div><\/div><\/div>\n    <\/div>\n<\/article><\/div>\n            <div class=\"clearfix\"><\/div>\n        <\/div>            <div class=\"eael-load-more-button-wrap eael-infinity-scroll\" data-offset=\"-200\">\n                <button class=\"eael-load-more-button\" id=\"eael-load-more-btn-029f340\" data-widget-id=\"029f340\" data-widget=\"029f340\" data-page-id=\"572\" data-template=\"{&quot;dir&quot;:&quot;lite&quot;,&quot;file_name&quot;:&quot;two.php&quot;,&quot;name&quot;:&quot;Post-Grid&quot;}\" data-class=\"Essential_Addons_Elementor\\Elements\\Post_Grid\" data-layout=\"grid\" data-page=\"1\" data-args=\"orderby=date&amp;order=desc&amp;ignore_sticky_posts=1&amp;post_status=publish&amp;posts_per_page=4&amp;offset=0&amp;post_type=post&amp;tax_query%5B0%5D%5Btaxonomy%5D=category&amp;tax_query%5B0%5D%5Bfield%5D=term_id&amp;tax_query%5B0%5D%5Bterms%5D%5B0%5D=1&amp;tax_query%5Brelation%5D=AND\" data-max-page=\"5\">\n                    <span class=\"eael-btn-loader button__loader\"><\/span>\n                    <span class=\"eael_load_more_text\">Load More<\/span>\n                <\/button>\n            <\/div>\n            \t\t\t\t<\/div>\n\t\t\t\t\t<\/div>\n\t\t\t\t<\/div>\n\t\t\t\t<\/div>","protected":false},"excerpt":{"rendered":"<p>Latest Blog Posts Forcing Growth August 1, 2025 There are times in life when nothing seems to be happening. Read [&hellip;]<\/p>\n","protected":false},"author":1,"featured_media":0,"parent":0,"menu_order":0,"comment_status":"open","ping_status":"closed","template":"","meta":{"iawp_total_views":165,"footnotes":""},"class_list":["post-572","page","type-page","status-publish","hentry"],"blocksy_meta":{"has_hero_section":"disabled","styles_descriptor":{"styles":{"desktop":"","tablet":"","mobile":""},"google_fonts":[],"version":6}},"_links":{"self":[{"href":"https:\/\/thegrandedaringadventure.org\/tr\/wp-json\/wp\/v2\/pages\/572","targetHints":{"allow":["GET"]}}],"collection":[{"href":"https:\/\/thegrandedaringadventure.org\/tr\/wp-json\/wp\/v2\/pages"}],"about":[{"href":"https:\/\/thegrandedaringadventure.org\/tr\/wp-json\/wp\/v2\/types\/page"}],"author":[{"embeddable":true,"href":"https:\/\/thegrandedaringadventure.org\/tr\/wp-json\/wp\/v2\/users\/1"}],"replies":[{"embeddable":true,"href":"https:\/\/thegrandedaringadventure.org\/tr\/wp-json\/wp\/v2\/comments?post=572"}],"version-history":[{"count":16,"href":"https:\/\/thegrandedaringadventure.org\/tr\/wp-json\/wp\/v2\/pages\/572\/revisions"}],"predecessor-version":[{"id":1552,"href":"https:\/\/thegrandedaringadventure.org\/tr\/wp-json\/wp\/v2\/pages\/572\/revisions\/1552"}],"wp:attachment":[{"href":"https:\/\/thegrandedaringadventure.org\/tr\/wp-json\/wp\/v2\/media?parent=572"}],"curies":[{"name":"wp","href":"https:\/\/api.w.org\/{rel}","templated":true}]}}