{"id":644,"date":"2025-07-09T15:19:21","date_gmt":"2025-07-09T15:19:21","guid":{"rendered":"https:\/\/thegrandedaringadventure.org\/register\/"},"modified":"2025-07-29T15:05:44","modified_gmt":"2025-07-29T15:05:44","slug":"register","status":"publish","type":"page","link":"https:\/\/thegrandedaringadventure.org\/tr\/register\/","title":{"rendered":"Register"},"content":{"rendered":"<div data-elementor-type=\"wp-page\" data-elementor-id=\"644\" class=\"elementor elementor-644\">\n\t\t\t\t<div class=\"elementor-element elementor-element-ea98a80 e-flex e-con-boxed e-con e-parent\" data-id=\"ea98a80\" data-element_type=\"container\" data-e-type=\"container\">\n\t\t\t\t\t<div class=\"e-con-inner\">\n\t\t\t\t<div class=\"elementor-element elementor-element-fbd3939 elementor-widget elementor-widget-heading\" data-id=\"fbd3939\" data-element_type=\"widget\" data-e-type=\"widget\" data-widget_type=\"heading.default\">\n\t\t\t\t\t<h2 class=\"elementor-heading-title elementor-size-default\">\ud83c\udf89 \u00dcyelere \u00d6zel \u0130\u00e7eriklere \u00dccretsiz Eri\u015fim Sa\u011fla<\/h2>\t\t\t\t<\/div>\n\t\t\t\t\t<\/div>\n\t\t\t\t<\/div>\n\t\t<div class=\"elementor-element elementor-element-f42e0e7 e-flex e-con-boxed e-con e-parent\" data-id=\"f42e0e7\" data-element_type=\"container\" data-e-type=\"container\">\n\t\t\t\t\t<div class=\"e-con-inner\">\n\t\t\t\t<div class=\"elementor-element elementor-element-5a1b902 elementor-widget elementor-widget-text-editor\" data-id=\"5a1b902\" data-element_type=\"widget\" data-e-type=\"widget\" data-widget_type=\"text-editor.default\">\n\t\t\t\t\t\t\t\t\t<p>It&#8217;s 100% free to join. Just choose the \u2705 Free Member(100% Free) plan below, fill in your info, and you&#8217;re in! No payment required. Cancel anytime.\u00a0<\/p>\t\t\t\t\t\t\t\t<\/div>\n\t\t\t\t<div class=\"elementor-element elementor-element-3d1e6de elementor-widget elementor-widget-spacer\" data-id=\"3d1e6de\" data-element_type=\"widget\" data-e-type=\"widget\" data-widget_type=\"spacer.default\">\n\t\t\t\t\t\t\t<div class=\"elementor-spacer\">\n\t\t\t<div class=\"elementor-spacer-inner\"><\/div>\n\t\t<\/div>\n\t\t\t\t\t\t<\/div>\n\t\t\t\t<div class=\"elementor-element elementor-element-07192f9 elementor-widget elementor-widget-image\" data-id=\"07192f9\" data-element_type=\"widget\" data-e-type=\"widget\" data-widget_type=\"image.default\">\n\t\t\t\t\t\t\t\t\t\t\t\t\t\t\t<img decoding=\"async\" width=\"300\" height=\"37\" src=\"https:\/\/thegrandedaringadventure.org\/wp-content\/uploads\/2025\/07\/Separator-1-300x37.png\" class=\"attachment-medium size-medium wp-image-850\" alt=\"\" srcset=\"https:\/\/thegrandedaringadventure.org\/wp-content\/uploads\/2025\/07\/Separator-1-300x37.png 300w, https:\/\/thegrandedaringadventure.org\/wp-content\/uploads\/2025\/07\/Separator-1-1024x125.png 1024w, https:\/\/thegrandedaringadventure.org\/wp-content\/uploads\/2025\/07\/Separator-1-768x94.png 768w, https:\/\/thegrandedaringadventure.org\/wp-content\/uploads\/2025\/07\/Separator-1-1536x188.png 1536w, https:\/\/thegrandedaringadventure.org\/wp-content\/uploads\/2025\/07\/Separator-1-18x2.png 18w, https:\/\/thegrandedaringadventure.org\/wp-content\/uploads\/2025\/07\/Separator-1-600x73.png 600w, https:\/\/thegrandedaringadventure.org\/wp-content\/uploads\/2025\/07\/Separator-1.png 1920w\" sizes=\"(max-width: 300px) 100vw, 300px\" \/>\t\t\t\t\t\t\t\t\t\t\t\t\t\t\t<\/div>\n\t\t\t\t<div class=\"elementor-element elementor-element-ccf87c1 elementor-widget elementor-widget-spacer\" data-id=\"ccf87c1\" data-element_type=\"widget\" data-e-type=\"widget\" data-widget_type=\"spacer.default\">\n\t\t\t\t\t\t\t<div class=\"elementor-spacer\">\n\t\t\t<div class=\"elementor-spacer-inner\"><\/div>\n\t\t<\/div>\n\t\t\t\t\t\t<\/div>\n\t\t\t\t\t<\/div>\n\t\t\t\t<\/div>\n\t\t<div class=\"elementor-element elementor-element-d7596af e-flex e-con-boxed e-con e-parent\" data-id=\"d7596af\" data-element_type=\"container\" data-e-type=\"container\">\n\t\t\t\t\t<div class=\"e-con-inner\">\n\t\t\t\t<div class=\"elementor-element elementor-element-59d5dcc elementor-widget elementor-widget-shortcode\" data-id=\"59d5dcc\" data-element_type=\"widget\" data-e-type=\"widget\" data-widget_type=\"shortcode.default\">\n\t\t\t\t\t\t\t<div class=\"elementor-shortcode\">\n<form id=\"pms_register-form\" class=\"pms-form\" method=\"POST\" action=\"\">\n\n    \n    <input type=\"hidden\" id=\"pmstkn\" name=\"pmstkn\" value=\"5481847c8b\" \/><input type=\"hidden\" name=\"_wp_http_referer\" value=\"\/tr\/wp-json\/wp\/v2\/pages\/644\" \/>\n    <ul class=\"pms-form-fields-wrapper\">\n\n        \n        \n        <div class=\"pms-account-section-wrapper\">\n            \n                        <li class=\"pms-field pms-user-login-field\">\n                <label for=\"pms_user_login\">Username *<\/label>\n                <input id=\"pms_user_login\" name=\"user_login\" type=\"text\" value=\"\" \/>\n\n                            <\/li>\n\n                        <li class=\"pms-field pms-user-email-field\">\n                <label for=\"pms_user_email\">E-mail *<\/label>\n                <input id=\"pms_user_email\" name=\"user_email\" type=\"text\" value=\"\" \/>\n\n                            <\/li>\n\n                        <li class=\"pms-field pms-first-name-field\">\n                <label for=\"pms_first_name\">First Name<\/label>\n                <input id=\"pms_first_name\" name=\"first_name\" type=\"text\" value=\"\" \/>\n\n                            <\/li>\n\n                        <li class=\"pms-field pms-last-name-field\">\n                <label for=\"pms_last_name\">Last Name<\/label>\n                <input id=\"pms_last_name\" name=\"last_name\" type=\"text\" value=\"\" \/>\n\n                            <\/li>\n\n                        <li class=\"pms-field pms-pass1-field\">\n                <label for=\"pms_pass1\">Password *<\/label>\n                <input id=\"pms_pass1\" name=\"pass1\" type=\"password\" \/>\n\n                \n                            <\/li>\n\n                        <li class=\"pms-field pms-pass2-field\">\n                <label for=\"pms_pass2\">Repeat Password *<\/label>\n                <input id=\"pms_pass2\" name=\"pass2\" type=\"password\" \/>\n\n                            <\/li>\n\n                    <\/div>\n\n        \n        <li class=\"pms-field pms-field-subscriptions\"><div class=\"pms-subscription-plan pms-subscription-plan-976\"><label><input type=\"radio\" name=\"subscription_plans\" data-price=\"0\" data-duration=\"0\" data-fixed_membership=\"\" data-allow_renew=\"\" data-sign_up_fee=\"0\" data-trial=\"0\" data-recurring=\"0\"  value=\"976\"  checked='checked'data-default-selected=\"true\" \/><span class=\"pms-subscription-plan-name\">\u2705 \u00dccretsiz \u00dcye(100% \u00dccretsiz)<\/span><span class=\"pms-subscription-plan-price\"><span class=\"pms-divider\"> - <\/span><span class=\"pms-subscription-plan-price-value\">Free<\/span><\/span><span class=\"pms-subscription-plan-trial\"><\/span><span class=\"pms-subscription-plan-sign-up-fee\"><\/span><\/label><div class=\"pms-subscription-plan-description\">Eri\u015fim hakk\u0131:\n\n\u015eifa i\u00e7erikleri\n\nBilgelik hik\u00e2yeleri\n\n\u00dccretsiz oturumlar\n\nAyl\u0131k b\u00fcltenler\n\nTopluluk payla\u015f\u0131mlar\u0131\r\n<\/div><\/div><div class=\"pms-subscription-plan pms-subscription-plan-2978\"><label><input type=\"radio\" name=\"subscription_plans\" data-price=\"0\" data-duration=\"1\" data-fixed_membership=\"\" data-allow_renew=\"\" data-sign_up_fee=\"0\" data-trial=\"0\" data-recurring=\"3\"  value=\"2978\" data-default-checked=\"false\" \/><span class=\"pms-subscription-plan-name\">The Great Work - TR<\/span><span class=\"pms-subscription-plan-price\"><span class=\"pms-divider\"> - <\/span><span class=\"pms-subscription-plan-price-value\">Free<\/span><span class=\"pms-divider pms-duration-divider\"> \/ <\/span><span class=\"pms-subscription-plan-duration\">1 Month<\/span><\/span><span class=\"pms-subscription-plan-trial\"><\/span><span class=\"pms-subscription-plan-sign-up-fee\"><\/span><\/label><\/div><div class=\"pms-subscription-plan pms-subscription-plan-2979\"><label><input type=\"radio\" name=\"subscription_plans\" data-price=\"0\" data-duration=\"1\" data-fixed_membership=\"\" data-allow_renew=\"\" data-sign_up_fee=\"0\" data-trial=\"0\" data-recurring=\"3\"  value=\"2979\" data-default-checked=\"false\" \/><span class=\"pms-subscription-plan-name\">The Great Work<\/span><span class=\"pms-subscription-plan-price\"><span class=\"pms-divider\"> - <\/span><span class=\"pms-subscription-plan-price-value\">Free<\/span><span class=\"pms-divider pms-duration-divider\"> \/ <\/span><span class=\"pms-subscription-plan-duration\">1 Month<\/span><\/span><span class=\"pms-subscription-plan-trial\"><\/span><span class=\"pms-subscription-plan-sign-up-fee\"><\/span><\/label><\/div><\/li>\n    <\/ul>\n\n    <span id=\"pms-submit-button-loading-placeholder-text\" style=\"display: none;\">Processing. Please wait...<\/span><div class=\"pms-paygates-holder\"><div id=\"pms-paygates-wrapper\"><input type=\"hidden\" class=\"pms_pay_gate\" name=\"pay_gate\" value=\"stripe_connect\" data-sign_up_fee=\"1\" data-trial=\"1\" data-recurring=\"1\"  data-type=\"extra_fields\" \/><\/div><\/div><input type=\"hidden\" id=\"pms-process-checkout-nonce\" name=\"pms_process_checkout_nonce\" value=\"565cff5820\"\/>\n            <input class=\"pms-form-submit\" name=\"pms_register\" type=\"submit\" value=\"Register\" \/>\n    \n<input type=\"hidden\" name=\"trp-form-language\" value=\"tr\"\/><\/form>\n<\/div>\n\t\t\t\t\t\t<\/div>\n\t\t\t\t\t<\/div>\n\t\t\t\t<\/div>\n\t\t<div class=\"elementor-element elementor-element-f985910 e-flex e-con-boxed e-con e-parent\" data-id=\"f985910\" data-element_type=\"container\" data-e-type=\"container\">\n\t\t\t\t\t<div class=\"e-con-inner\">\n\t\t\t\t<div class=\"elementor-element elementor-element-669f1c8 elementor-widget elementor-widget-spacer\" data-id=\"669f1c8\" data-element_type=\"widget\" data-e-type=\"widget\" data-widget_type=\"spacer.default\">\n\t\t\t\t\t\t\t<div class=\"elementor-spacer\">\n\t\t\t<div class=\"elementor-spacer-inner\"><\/div>\n\t\t<\/div>\n\t\t\t\t\t\t<\/div>\n\t\t\t\t<div class=\"elementor-element elementor-element-290002b elementor-widget elementor-widget-text-editor\" data-id=\"290002b\" data-element_type=\"widget\" data-e-type=\"widget\" data-widget_type=\"text-editor.default\">\n\t\t\t\t\t\t\t\t\t<p>\ud83d\udca1 <strong>Already have an account?<\/strong> <a href=\"https:\/\/thegrandedaringadventure.org\/tr\/login\/\">Log in here<\/a><\/p>\t\t\t\t\t\t\t\t<\/div>\n\t\t\t\t\t<\/div>\n\t\t\t\t<\/div>\n\t\t\t\t<\/div>","protected":false},"excerpt":{"rendered":"<p>\ud83c\udf89 Get Free Access to Member-Only Content It&#8217;s 100% free to join. Just choose the \u2705 Free Member(100% Free) plan [&hellip;]<\/p>\n","protected":false},"author":1,"featured_media":0,"parent":0,"menu_order":0,"comment_status":"closed","ping_status":"closed","template":"","meta":{"iawp_total_views":115,"footnotes":""},"class_list":["post-644","page","type-page","status-publish","hentry"],"blocksy_meta":[],"_links":{"self":[{"href":"https:\/\/thegrandedaringadventure.org\/tr\/wp-json\/wp\/v2\/pages\/644","targetHints":{"allow":["GET"]}}],"collection":[{"href":"https:\/\/thegrandedaringadventure.org\/tr\/wp-json\/wp\/v2\/pages"}],"about":[{"href":"https:\/\/thegrandedaringadventure.org\/tr\/wp-json\/wp\/v2\/types\/page"}],"author":[{"embeddable":true,"href":"https:\/\/thegrandedaringadventure.org\/tr\/wp-json\/wp\/v2\/users\/1"}],"replies":[{"embeddable":true,"href":"https:\/\/thegrandedaringadventure.org\/tr\/wp-json\/wp\/v2\/comments?post=644"}],"version-history":[{"count":24,"href":"https:\/\/thegrandedaringadventure.org\/tr\/wp-json\/wp\/v2\/pages\/644\/revisions"}],"predecessor-version":[{"id":1505,"href":"https:\/\/thegrandedaringadventure.org\/tr\/wp-json\/wp\/v2\/pages\/644\/revisions\/1505"}],"wp:attachment":[{"href":"https:\/\/thegrandedaringadventure.org\/tr\/wp-json\/wp\/v2\/media?parent=644"}],"curies":[{"name":"wp","href":"https:\/\/api.w.org\/{rel}","templated":true}]}}