{"id":820,"date":"2025-07-11T19:04:04","date_gmt":"2025-07-11T19:04:04","guid":{"rendered":"https:\/\/thegrandedaringadventure.org\/?page_id=820"},"modified":"2025-09-12T10:42:32","modified_gmt":"2025-09-12T10:42:32","slug":"upcoming-events","status":"publish","type":"page","link":"https:\/\/thegrandedaringadventure.org\/tr\/upcoming-events\/","title":{"rendered":"Yakla\u015fan Etkinlikler"},"content":{"rendered":"<div data-elementor-type=\"wp-page\" data-elementor-id=\"820\" class=\"elementor elementor-820\">\n\t\t\t\t<div class=\"elementor-element elementor-element-0b631f7 e-flex e-con-boxed e-con e-parent\" data-id=\"0b631f7\" data-element_type=\"container\" data-e-type=\"container\">\n\t\t\t\t\t<div class=\"e-con-inner\">\n\t\t\t\t<div class=\"elementor-element elementor-element-185dca4 elementor-widget elementor-widget-heading\" data-id=\"185dca4\" data-element_type=\"widget\" data-e-type=\"widget\" data-widget_type=\"heading.default\">\n\t\t\t\t\t<h2 class=\"elementor-heading-title elementor-size-default\">YAKLA\u015eAN ETK\u0130NL\u0130KLER<\/h2>\t\t\t\t<\/div>\n\t\t\t\t\t<\/div>\n\t\t\t\t<\/div>\n\t\t<div class=\"elementor-element elementor-element-7ecd167 e-flex e-con-boxed e-con e-parent\" data-id=\"7ecd167\" data-element_type=\"container\" data-e-type=\"container\">\n\t\t\t\t\t<div class=\"e-con-inner\">\n\t\t\t\t<div class=\"elementor-element elementor-element-8a45a80 elementor-widget elementor-widget-spacer\" data-id=\"8a45a80\" data-element_type=\"widget\" data-e-type=\"widget\" data-widget_type=\"spacer.default\">\n\t\t\t\t\t\t\t<div class=\"elementor-spacer\">\n\t\t\t<div class=\"elementor-spacer-inner\"><\/div>\n\t\t<\/div>\n\t\t\t\t\t\t<\/div>\n\t\t\t\t<div class=\"elementor-element elementor-element-57044ee elementor-widget elementor-widget-text-editor\" data-id=\"57044ee\" data-element_type=\"widget\" data-e-type=\"widget\" data-widget_type=\"text-editor.default\">\n\t\t\t\t\t\t\t\t\t<p>A\u015fa\u011f\u0131da yakla\u015fan heyecan verici etkinliklerimizi bulabilirsin \ud83c\udf38<\/p>\t\t\t\t\t\t\t\t<\/div>\n\t\t\t\t\t<\/div>\n\t\t\t\t<\/div>\n\t\t<div class=\"elementor-element elementor-element-e2ac0c0 e-flex e-con-boxed e-con e-parent\" data-id=\"e2ac0c0\" data-element_type=\"container\" data-e-type=\"container\">\n\t\t\t\t\t<div class=\"e-con-inner\">\n\t\t\t\t<div class=\"elementor-element elementor-element-02dc34a elementor-widget elementor-widget-text-editor\" data-id=\"02dc34a\" data-element_type=\"widget\" data-e-type=\"widget\" data-widget_type=\"text-editor.default\">\n\t\t\t\t\t\t\t\t\t<p>Kat\u0131lmak istedi\u011fin bir etkinlik varsa sadece <a href=\"https:\/\/thegrandedaringadventure.org\/tr\/form\/contact-us_eng\/\">bize ula\u015f!<\/a><\/p>\t\t\t\t\t\t\t\t<\/div>\n\t\t\t\t\t<\/div>\n\t\t\t\t<\/div>\n\t\t<div class=\"elementor-element elementor-element-36c4dee e-flex e-con-boxed e-con e-parent\" data-id=\"36c4dee\" data-element_type=\"container\" data-e-type=\"container\">\n\t\t\t\t\t<div class=\"e-con-inner\">\n\t\t\t\t<div class=\"elementor-element elementor-element-4fa7076 elementor-widget elementor-widget-spacer\" data-id=\"4fa7076\" data-element_type=\"widget\" data-e-type=\"widget\" data-widget_type=\"spacer.default\">\n\t\t\t\t\t\t\t<div class=\"elementor-spacer\">\n\t\t\t<div class=\"elementor-spacer-inner\"><\/div>\n\t\t<\/div>\n\t\t\t\t\t\t<\/div>\n\t\t\t\t\t<\/div>\n\t\t\t\t<\/div>\n\t\t<div class=\"elementor-element elementor-element-1ba3dde e-flex e-con-boxed e-con e-parent\" data-id=\"1ba3dde\" data-element_type=\"container\" data-e-type=\"container\">\n\t\t\t\t\t<div class=\"e-con-inner\">\n\t\t\t\t<div class=\"elementor-element elementor-element-9e789ea elementor-grid-eael-col-4 elementor-grid-tablet-eael-col-2 elementor-grid-mobile-eael-col-1 elementor-widget elementor-widget-eael-post-grid\" data-id=\"9e789ea\" data-element_type=\"widget\" data-e-type=\"widget\" data-settings=\"{&quot;eael_post_grid_columns&quot;:&quot;eael-col-4&quot;,&quot;eael_post_grid_columns_tablet&quot;:&quot;eael-col-2&quot;,&quot;eael_post_grid_columns_mobile&quot;:&quot;eael-col-1&quot;}\" data-widget_type=\"eael-post-grid.default\">\n\t\t\t\t\t<div id=\"eael-post-grid-9e789ea\" class=\"eael-post-grid-container\">\n            <div class=\"eael-post-grid eael-post-appender eael-post-appender-9e789ea eael-post-grid-style-two\" data-layout-mode=\"masonry\"><article class=\"eael-grid-post  eael-post-grid-column eael-pg-post-2964 category-upcoming-events\" data-id=\"2964\">\n    <div class=\"eael-grid-post-holder\">\n        <div class=\"eael-grid-post-holder-inner\"><div class=\"eael-entry-media\"><div class=\"eael-entry-overlay fade-in\"><i class=\"fas fa-long-arrow-alt-right\" aria-hidden=\"true\"><\/i><a href=\"https:\/\/thegrandedaringadventure.org\/tr\/2026\/03\/31\/in-the-eye-of-the-storm\/\"><\/a><\/div><div class=\"eael-entry-thumbnail\">\n                            <img fetchpriority=\"high\" decoding=\"async\" width=\"300\" height=\"300\" src=\"https:\/\/thegrandedaringadventure.org\/wp-content\/uploads\/2026\/03\/Upgrade-your-mind-1-300x300.png\" class=\"attachment-medium size-medium wp-image-2965\" alt=\"\" srcset=\"https:\/\/thegrandedaringadventure.org\/wp-content\/uploads\/2026\/03\/Upgrade-your-mind-1-300x300.png 300w, https:\/\/thegrandedaringadventure.org\/wp-content\/uploads\/2026\/03\/Upgrade-your-mind-1-1024x1024.png 1024w, https:\/\/thegrandedaringadventure.org\/wp-content\/uploads\/2026\/03\/Upgrade-your-mind-1-150x150.png 150w, https:\/\/thegrandedaringadventure.org\/wp-content\/uploads\/2026\/03\/Upgrade-your-mind-1-768x768.png 768w, https:\/\/thegrandedaringadventure.org\/wp-content\/uploads\/2026\/03\/Upgrade-your-mind-1-12x12.png 12w, https:\/\/thegrandedaringadventure.org\/wp-content\/uploads\/2026\/03\/Upgrade-your-mind-1-600x600.png 600w, https:\/\/thegrandedaringadventure.org\/wp-content\/uploads\/2026\/03\/Upgrade-your-mind-1-100x100.png 100w, https:\/\/thegrandedaringadventure.org\/wp-content\/uploads\/2026\/03\/Upgrade-your-mind-1.png 1080w\" sizes=\"(max-width: 300px) 100vw, 300px\" \/>\n                            <\/div>\n                    <\/div><div class=\"eael-entry-wrapper\"><header class=\"eael-entry-header\"><h2 class=\"eael-entry-title\"><a class=\"eael-grid-post-link\" href=\"https:\/\/thegrandedaringadventure.org\/tr\/2026\/03\/31\/in-the-eye-of-the-storm\/\" title=\"in the Eye of the Storm\">in the Eye of the Storm<\/a><\/h2><\/header><div class=\"eael-entry-content\">\n                                <div class=\"eael-grid-post-excerpt\"><p>Audaciously head into the unknown. Join us on this 1...<\/p><a href=\"https:\/\/thegrandedaringadventure.org\/tr\/2026\/03\/31\/in-the-eye-of-the-storm\/\" class=\"eael-post-elements-readmore-btn\">Read More<\/a><\/div>\n                            <\/div><div class=\"eael-entry-header-after style-two\"><div class=\"eael-entry-meta\"><span class=\"eael-meta-posted-on\"><i class=\"far fa-clock\"><\/i><time datetime=\"Mart 31, 2026\">Mart 31, 2026<\/time><\/span><\/div><\/div><\/div><\/div>\n    <\/div>\n<\/article><article class=\"eael-grid-post  eael-post-grid-column eael-pg-post-2518 category-upcoming-events\" data-id=\"2518\">\n    <div class=\"eael-grid-post-holder\">\n        <div class=\"eael-grid-post-holder-inner\"><div class=\"eael-entry-media\"><div class=\"eael-entry-overlay fade-in\"><i class=\"fas fa-long-arrow-alt-right\" aria-hidden=\"true\"><\/i><a href=\"https:\/\/thegrandedaringadventure.org\/tr\/2025\/11\/26\/into-the-mystery\/\"><\/a><\/div><div class=\"eael-entry-thumbnail\">\n                            <img decoding=\"async\" width=\"300\" height=\"300\" src=\"https:\/\/thegrandedaringadventure.org\/wp-content\/uploads\/2025\/11\/Into-The-Mystery-300x300.png\" class=\"attachment-medium size-medium wp-image-2519\" alt=\"\" srcset=\"https:\/\/thegrandedaringadventure.org\/wp-content\/uploads\/2025\/11\/Into-The-Mystery-300x300.png 300w, https:\/\/thegrandedaringadventure.org\/wp-content\/uploads\/2025\/11\/Into-The-Mystery-1024x1024.png 1024w, https:\/\/thegrandedaringadventure.org\/wp-content\/uploads\/2025\/11\/Into-The-Mystery-150x150.png 150w, https:\/\/thegrandedaringadventure.org\/wp-content\/uploads\/2025\/11\/Into-The-Mystery-768x768.png 768w, https:\/\/thegrandedaringadventure.org\/wp-content\/uploads\/2025\/11\/Into-The-Mystery-12x12.png 12w, https:\/\/thegrandedaringadventure.org\/wp-content\/uploads\/2025\/11\/Into-The-Mystery-600x600.png 600w, https:\/\/thegrandedaringadventure.org\/wp-content\/uploads\/2025\/11\/Into-The-Mystery-100x100.png 100w, https:\/\/thegrandedaringadventure.org\/wp-content\/uploads\/2025\/11\/Into-The-Mystery.png 1080w\" sizes=\"(max-width: 300px) 100vw, 300px\" \/>\n                            <\/div>\n                    <\/div><div class=\"eael-entry-wrapper\"><header class=\"eael-entry-header\"><h2 class=\"eael-entry-title\"><a class=\"eael-grid-post-link\" href=\"https:\/\/thegrandedaringadventure.org\/tr\/2025\/11\/26\/into-the-mystery\/\" title=\"Into The Mystery\">Into The Mystery<\/a><\/h2><\/header><div class=\"eael-entry-content\">\n                                <div class=\"eael-grid-post-excerpt\"><p>Audaciously head into the unknown. Join us on this 1...<\/p><a href=\"https:\/\/thegrandedaringadventure.org\/tr\/2025\/11\/26\/into-the-mystery\/\" class=\"eael-post-elements-readmore-btn\">Read More<\/a><\/div>\n                            <\/div><div class=\"eael-entry-header-after style-two\"><div class=\"eael-entry-meta\"><span class=\"eael-meta-posted-on\"><i class=\"far fa-clock\"><\/i><time datetime=\"Kas\u0131m 26, 2025\">Kas\u0131m 26, 2025<\/time><\/span><\/div><\/div><\/div><\/div>\n    <\/div>\n<\/article><article class=\"eael-grid-post  eael-post-grid-column eael-pg-post-2515 category-upcoming-events\" data-id=\"2515\">\n    <div class=\"eael-grid-post-holder\">\n        <div class=\"eael-grid-post-holder-inner\"><div class=\"eael-entry-media\"><div class=\"eael-entry-overlay fade-in\"><i class=\"fas fa-long-arrow-alt-right\" aria-hidden=\"true\"><\/i><a href=\"https:\/\/thegrandedaringadventure.org\/tr\/2025\/11\/26\/meet-chat\/\"><\/a><\/div><div class=\"eael-entry-thumbnail\">\n                            <img decoding=\"async\" width=\"300\" height=\"300\" src=\"https:\/\/thegrandedaringadventure.org\/wp-content\/uploads\/2025\/11\/MeetChat-300x300.png\" class=\"attachment-medium size-medium wp-image-2516\" alt=\"\" srcset=\"https:\/\/thegrandedaringadventure.org\/wp-content\/uploads\/2025\/11\/MeetChat-300x300.png 300w, https:\/\/thegrandedaringadventure.org\/wp-content\/uploads\/2025\/11\/MeetChat-1024x1024.png 1024w, https:\/\/thegrandedaringadventure.org\/wp-content\/uploads\/2025\/11\/MeetChat-150x150.png 150w, https:\/\/thegrandedaringadventure.org\/wp-content\/uploads\/2025\/11\/MeetChat-768x768.png 768w, https:\/\/thegrandedaringadventure.org\/wp-content\/uploads\/2025\/11\/MeetChat-12x12.png 12w, https:\/\/thegrandedaringadventure.org\/wp-content\/uploads\/2025\/11\/MeetChat-600x600.png 600w, https:\/\/thegrandedaringadventure.org\/wp-content\/uploads\/2025\/11\/MeetChat-100x100.png 100w, https:\/\/thegrandedaringadventure.org\/wp-content\/uploads\/2025\/11\/MeetChat.png 1080w\" sizes=\"(max-width: 300px) 100vw, 300px\" \/>\n                            <\/div>\n                    <\/div><div class=\"eael-entry-wrapper\"><header class=\"eael-entry-header\"><h2 class=\"eael-entry-title\"><a class=\"eael-grid-post-link\" href=\"https:\/\/thegrandedaringadventure.org\/tr\/2025\/11\/26\/meet-chat\/\" title=\"Meet &amp; Chat\">Meet &amp; Chat<\/a><\/h2><\/header><div class=\"eael-entry-content\">\n                                <div class=\"eael-grid-post-excerpt\"><p>Audaciously head into the unknown. Join us on this 1...<\/p><a href=\"https:\/\/thegrandedaringadventure.org\/tr\/2025\/11\/26\/meet-chat\/\" class=\"eael-post-elements-readmore-btn\">Read More<\/a><\/div>\n                            <\/div><div class=\"eael-entry-header-after style-two\"><div class=\"eael-entry-meta\"><span class=\"eael-meta-posted-on\"><i class=\"far fa-clock\"><\/i><time datetime=\"Kas\u0131m 26, 2025\">Kas\u0131m 26, 2025<\/time><\/span><\/div><\/div><\/div><\/div>\n    <\/div>\n<\/article><article class=\"eael-grid-post  eael-post-grid-column eael-pg-post-2182 category-upcoming-events\" data-id=\"2182\">\n    <div class=\"eael-grid-post-holder\">\n        <div class=\"eael-grid-post-holder-inner\"><div class=\"eael-entry-media\"><div class=\"eael-entry-overlay fade-in\"><i class=\"fas fa-long-arrow-alt-right\" aria-hidden=\"true\"><\/i><a href=\"https:\/\/thegrandedaringadventure.org\/tr\/2025\/09\/28\/uncertainty-is-the-only-maturity\/\"><\/a><\/div><div class=\"eael-entry-thumbnail\">\n                            <img loading=\"lazy\" decoding=\"async\" width=\"300\" height=\"300\" src=\"https:\/\/thegrandedaringadventure.org\/wp-content\/uploads\/2025\/09\/UNCERTAINTY-IS-THE-ONLY-MATURITY-300x300.png\" class=\"attachment-medium size-medium wp-image-2179\" alt=\"Uncertainty Is The Only Maturity.\" srcset=\"https:\/\/thegrandedaringadventure.org\/wp-content\/uploads\/2025\/09\/UNCERTAINTY-IS-THE-ONLY-MATURITY-300x300.png 300w, https:\/\/thegrandedaringadventure.org\/wp-content\/uploads\/2025\/09\/UNCERTAINTY-IS-THE-ONLY-MATURITY-1024x1024.png 1024w, https:\/\/thegrandedaringadventure.org\/wp-content\/uploads\/2025\/09\/UNCERTAINTY-IS-THE-ONLY-MATURITY-150x150.png 150w, https:\/\/thegrandedaringadventure.org\/wp-content\/uploads\/2025\/09\/UNCERTAINTY-IS-THE-ONLY-MATURITY-768x768.png 768w, https:\/\/thegrandedaringadventure.org\/wp-content\/uploads\/2025\/09\/UNCERTAINTY-IS-THE-ONLY-MATURITY-12x12.png 12w, https:\/\/thegrandedaringadventure.org\/wp-content\/uploads\/2025\/09\/UNCERTAINTY-IS-THE-ONLY-MATURITY-600x600.png 600w, https:\/\/thegrandedaringadventure.org\/wp-content\/uploads\/2025\/09\/UNCERTAINTY-IS-THE-ONLY-MATURITY-100x100.png 100w, https:\/\/thegrandedaringadventure.org\/wp-content\/uploads\/2025\/09\/UNCERTAINTY-IS-THE-ONLY-MATURITY.png 1080w\" sizes=\"(max-width: 300px) 100vw, 300px\" \/>\n                            <\/div>\n                    <\/div><div class=\"eael-entry-wrapper\"><header class=\"eael-entry-header\"><h2 class=\"eael-entry-title\"><a class=\"eael-grid-post-link\" href=\"https:\/\/thegrandedaringadventure.org\/tr\/2025\/09\/28\/uncertainty-is-the-only-maturity\/\" title=\"Uncertainty Is The Only Maturity\">Uncertainty Is The Only Maturity<\/a><\/h2><\/header><div class=\"eael-entry-content\">\n                                <div class=\"eael-grid-post-excerpt\"><p>Audaciously head into the unknown. Join us on this 1...<\/p><a href=\"https:\/\/thegrandedaringadventure.org\/tr\/2025\/09\/28\/uncertainty-is-the-only-maturity\/\" class=\"eael-post-elements-readmore-btn\">Read More<\/a><\/div>\n                            <\/div><div class=\"eael-entry-header-after style-two\"><div class=\"eael-entry-meta\"><span class=\"eael-meta-posted-on\"><i class=\"far fa-clock\"><\/i><time datetime=\"Eyl\u00fcl 28, 2025\">Eyl\u00fcl 28, 2025<\/time><\/span><\/div><\/div><\/div><\/div>\n    <\/div>\n<\/article><\/div>\n            <div class=\"clearfix\"><\/div>\n        <\/div>            <div class=\"eael-load-more-button-wrap\">\n                <button class=\"eael-load-more-button\" id=\"eael-load-more-btn-9e789ea\" data-widget-id=\"9e789ea\" data-widget=\"9e789ea\" data-page-id=\"820\" data-template=\"{&quot;dir&quot;:&quot;lite&quot;,&quot;file_name&quot;:&quot;two.php&quot;,&quot;name&quot;:&quot;Post-Grid&quot;}\" data-class=\"Essential_Addons_Elementor\\Elements\\Post_Grid\" data-layout=\"masonry\" data-page=\"1\" data-args=\"orderby=date&amp;order=desc&amp;ignore_sticky_posts=1&amp;post_status=publish&amp;posts_per_page=4&amp;offset=0&amp;post_type=post&amp;tax_query%5B0%5D%5Btaxonomy%5D=category&amp;tax_query%5B0%5D%5Bfield%5D=term_id&amp;tax_query%5B0%5D%5Bterms%5D%5B0%5D=31&amp;tax_query%5Brelation%5D=AND\" data-max-page=\"3\">\n                    <span class=\"eael-btn-loader button__loader\"><\/span>\n                    <span class=\"eael_load_more_text\">See More<\/span>\n                <\/button>\n            <\/div>\n            \t\t\t\t<\/div>\n\t\t\t\t\t<\/div>\n\t\t\t\t<\/div>\n\t\t\t\t<\/div>","protected":false},"excerpt":{"rendered":"<p>UPCOMING EVENTS Below you may find our exciting upcoming events \ud83c\udf38 If there&#8217;s an event you&#8217;d like to join just [&hellip;]<\/p>\n","protected":false},"author":1,"featured_media":0,"parent":0,"menu_order":0,"comment_status":"closed","ping_status":"closed","template":"","meta":{"iawp_total_views":146,"footnotes":""},"class_list":["post-820","page","type-page","status-publish","hentry"],"blocksy_meta":[],"_links":{"self":[{"href":"https:\/\/thegrandedaringadventure.org\/tr\/wp-json\/wp\/v2\/pages\/820","targetHints":{"allow":["GET"]}}],"collection":[{"href":"https:\/\/thegrandedaringadventure.org\/tr\/wp-json\/wp\/v2\/pages"}],"about":[{"href":"https:\/\/thegrandedaringadventure.org\/tr\/wp-json\/wp\/v2\/types\/page"}],"author":[{"embeddable":true,"href":"https:\/\/thegrandedaringadventure.org\/tr\/wp-json\/wp\/v2\/users\/1"}],"replies":[{"embeddable":true,"href":"https:\/\/thegrandedaringadventure.org\/tr\/wp-json\/wp\/v2\/comments?post=820"}],"version-history":[{"count":53,"href":"https:\/\/thegrandedaringadventure.org\/tr\/wp-json\/wp\/v2\/pages\/820\/revisions"}],"predecessor-version":[{"id":2076,"href":"https:\/\/thegrandedaringadventure.org\/tr\/wp-json\/wp\/v2\/pages\/820\/revisions\/2076"}],"wp:attachment":[{"href":"https:\/\/thegrandedaringadventure.org\/tr\/wp-json\/wp\/v2\/media?parent=820"}],"curies":[{"name":"wp","href":"https:\/\/api.w.org\/{rel}","templated":true}]}}