{"id":918,"date":"2025-07-12T14:04:50","date_gmt":"2025-07-12T14:04:50","guid":{"rendered":"https:\/\/thegrandedaringadventure.org\/?page_id=918"},"modified":"2025-08-03T16:12:49","modified_gmt":"2025-08-03T16:12:49","slug":"community-sharings","status":"publish","type":"page","link":"https:\/\/thegrandedaringadventure.org\/tr\/free-resources\/community-sharings\/","title":{"rendered":"Topluluk Payla\u015f\u0131mlar\u0131"},"content":{"rendered":"<p>You must be logged in to view this content.<\/p>","protected":false},"excerpt":{"rendered":"<p>Community Sharings \ud83c\udf38 Here you can find our amazing community&#8217;s sharings! Deep Dive: What kind of life do you want [&hellip;]<\/p>\n","protected":false},"author":1,"featured_media":0,"parent":996,"menu_order":0,"comment_status":"closed","ping_status":"closed","template":"","meta":{"iawp_total_views":17,"footnotes":""},"class_list":["post-918","page","type-page","status-publish","hentry"],"blocksy_meta":[],"_links":{"self":[{"href":"https:\/\/thegrandedaringadventure.org\/tr\/wp-json\/wp\/v2\/pages\/918","targetHints":{"allow":["GET"]}}],"collection":[{"href":"https:\/\/thegrandedaringadventure.org\/tr\/wp-json\/wp\/v2\/pages"}],"about":[{"href":"https:\/\/thegrandedaringadventure.org\/tr\/wp-json\/wp\/v2\/types\/page"}],"author":[{"embeddable":true,"href":"https:\/\/thegrandedaringadventure.org\/tr\/wp-json\/wp\/v2\/users\/1"}],"replies":[{"embeddable":true,"href":"https:\/\/thegrandedaringadventure.org\/tr\/wp-json\/wp\/v2\/comments?post=918"}],"version-history":[{"count":13,"href":"https:\/\/thegrandedaringadventure.org\/tr\/wp-json\/wp\/v2\/pages\/918\/revisions"}],"predecessor-version":[{"id":1594,"href":"https:\/\/thegrandedaringadventure.org\/tr\/wp-json\/wp\/v2\/pages\/918\/revisions\/1594"}],"up":[{"embeddable":true,"href":"https:\/\/thegrandedaringadventure.org\/tr\/wp-json\/wp\/v2\/pages\/996"}],"wp:attachment":[{"href":"https:\/\/thegrandedaringadventure.org\/tr\/wp-json\/wp\/v2\/media?parent=918"}],"curies":[{"name":"wp","href":"https:\/\/api.w.org\/{rel}","templated":true}]}}