{"id":1301,"date":"2025-07-28T07:32:12","date_gmt":"2025-07-28T07:32:12","guid":{"rendered":"https:\/\/thegrandedaringadventure.org\/?post_type=product&#038;p=1301"},"modified":"2026-02-23T23:16:09","modified_gmt":"2026-02-23T21:16:09","slug":"maasin-neden-gittikce-agirlasiyor","status":"publish","type":"product","link":"https:\/\/thegrandedaringadventure.org\/tr\/urun\/maasin-neden-gittikce-agirlasiyor\/","title":{"rendered":"Maa\u015f\u0131n Neden Gittik\u00e7e A\u011f\u0131rla\u015f\u0131yor?"},"content":{"rendered":"<p>$1<\/p>\n<p>Dil: T\u00fcrk\u00e7e terc\u00fcmeli<\/p>\n<p>Not: Bu kay\u0131t &#8220;Paran\u0131n \u00dczerindeki Lanet (The Curse on Money) &#8211; TR&#8221; kursundand\u0131r.<\/p>","protected":false},"excerpt":{"rendered":"<p>$1<\/p>\n<p>Dil: T\u00fcrk\u00e7e terc\u00fcmeli<\/p>\n<p>Not: Bu kay\u0131t &#8220;Paran\u0131n \u00dczerindeki Lanet (The Curse on Money) &#8211; TR&#8221; kursundand\u0131r.<\/p>","protected":false},"featured_media":1607,"comment_status":"closed","ping_status":"closed","template":"","meta":{"iawp_total_views":25},"product_brand":[],"product_cat":[33],"product_tag":[],"class_list":{"0":"post-1301","1":"product","2":"type-product","3":"status-publish","4":"has-post-thumbnail","6":"product_cat-1-store","8":"first","9":"instock","10":"downloadable","11":"virtual","12":"purchasable","13":"product-type-simple"},"_links":{"self":[{"href":"https:\/\/thegrandedaringadventure.org\/tr\/wp-json\/wp\/v2\/product\/1301","targetHints":{"allow":["GET"]}}],"collection":[{"href":"https:\/\/thegrandedaringadventure.org\/tr\/wp-json\/wp\/v2\/product"}],"about":[{"href":"https:\/\/thegrandedaringadventure.org\/tr\/wp-json\/wp\/v2\/types\/product"}],"replies":[{"embeddable":true,"href":"https:\/\/thegrandedaringadventure.org\/tr\/wp-json\/wp\/v2\/comments?post=1301"}],"wp:featuredmedia":[{"embeddable":true,"href":"https:\/\/thegrandedaringadventure.org\/tr\/wp-json\/wp\/v2\/media\/1607"}],"wp:attachment":[{"href":"https:\/\/thegrandedaringadventure.org\/tr\/wp-json\/wp\/v2\/media?parent=1301"}],"wp:term":[{"taxonomy":"product_brand","embeddable":true,"href":"https:\/\/thegrandedaringadventure.org\/tr\/wp-json\/wp\/v2\/product_brand?post=1301"},{"taxonomy":"product_cat","embeddable":true,"href":"https:\/\/thegrandedaringadventure.org\/tr\/wp-json\/wp\/v2\/product_cat?post=1301"},{"taxonomy":"product_tag","embeddable":true,"href":"https:\/\/thegrandedaringadventure.org\/tr\/wp-json\/wp\/v2\/product_tag?post=1301"}],"curies":[{"name":"wp","href":"https:\/\/api.w.org\/{rel}","templated":true}]}}