{"id":1635,"date":"2025-08-10T21:04:29","date_gmt":"2025-08-10T21:04:29","guid":{"rendered":"https:\/\/thegrandedaringadventure.org\/?post_type=product&#038;p=1635"},"modified":"2026-02-28T17:39:29","modified_gmt":"2026-02-28T15:39:29","slug":"the-dream-within-the-dream","status":"publish","type":"product","link":"https:\/\/thegrandedaringadventure.org\/tr\/urun\/the-dream-within-the-dream\/","title":{"rendered":"The Dream Within The Dream   ($120)"},"content":{"rendered":"<div style=\"background:#f9f9f9; padding: 20px; border-radius: 16px; box-shadow: 0 2px 10px rgba(0,0,0,0.05); margin-bottom: 24px;\">\n<h2 style=\"margin: 0 0 8px;\">$120<\/h2>\n<p style=\"margin: 0 0 16px; color: #666;\">Learn to work in Synergy and Harmony with the Dreamer dreaming You.<\/p>\n<p style=\"margin: 0 0 16px; color: #666;\">Ba\u015flang\u0131\u00e7 ve \u0130leri Seviye R\u00fcyac\u0131lar i\u00e7in.<\/p>\n<p style=\"margin: 0 0 16px; color: #666;\">Language: English Only<\/p>\n<h3 style=\"margin-bottom: 8px;\">\ud83c\udfa7 Course Preview<\/h3>\n<p><audio controls style=\"width:100%;\"><source src=\"https:\/\/thegrandedaringadventure.org\/wp-content\/uploads\/2025\/07\/Dream-Within-the-Dream-Promo-eng.mp3\" type=\"audio\/mpeg\">Your browser does not support the audio element.<\/audio>\n<\/div>","protected":false},"excerpt":{"rendered":"<div style=\"background:#f9f9f9; padding: 20px; border-radius: 16px; box-shadow: 0 2px 10px rgba(0,0,0,0.05); margin-bottom: 24px;\">\n<h2 style=\"margin: 0 0 8px;\">$120<\/h2>\n<p style=\"margin: 0 0 16px; color: #666;\">Learn to work in Synergy and Harmony with the Dreamer dreaming You.<\/p>\n<p style=\"margin: 0 0 16px; color: #666;\">Ba\u015flang\u0131\u00e7 ve \u0130leri Seviye R\u00fcyac\u0131lar i\u00e7in.<\/p>\n<p style=\"margin: 0 0 16px; color: #666;\">Language: English Only<\/p>\n<h3 style=\"margin-bottom: 8px;\">\ud83c\udfa7 Course Preview<\/h3>\n<p><audio controls style=\"width:100%;\"><source src=\"https:\/\/thegrandedaringadventure.org\/wp-content\/uploads\/2025\/07\/Dream-Within-the-Dream-Promo-eng.mp3\" type=\"audio\/mpeg\">Your browser does not support the audio element.<\/audio>\n<\/div>","protected":false},"featured_media":1636,"comment_status":"open","ping_status":"closed","template":"","meta":{"iawp_total_views":44},"product_brand":[],"product_cat":[35],"product_tag":[],"class_list":{"0":"post-1635","1":"product","2":"type-product","3":"status-publish","4":"has-post-thumbnail","6":"product_cat-courses","8":"first","9":"instock","10":"downloadable","11":"virtual","12":"purchasable","13":"product-type-simple"},"_links":{"self":[{"href":"https:\/\/thegrandedaringadventure.org\/tr\/wp-json\/wp\/v2\/product\/1635","targetHints":{"allow":["GET"]}}],"collection":[{"href":"https:\/\/thegrandedaringadventure.org\/tr\/wp-json\/wp\/v2\/product"}],"about":[{"href":"https:\/\/thegrandedaringadventure.org\/tr\/wp-json\/wp\/v2\/types\/product"}],"replies":[{"embeddable":true,"href":"https:\/\/thegrandedaringadventure.org\/tr\/wp-json\/wp\/v2\/comments?post=1635"}],"wp:featuredmedia":[{"embeddable":true,"href":"https:\/\/thegrandedaringadventure.org\/tr\/wp-json\/wp\/v2\/media\/1636"}],"wp:attachment":[{"href":"https:\/\/thegrandedaringadventure.org\/tr\/wp-json\/wp\/v2\/media?parent=1635"}],"wp:term":[{"taxonomy":"product_brand","embeddable":true,"href":"https:\/\/thegrandedaringadventure.org\/tr\/wp-json\/wp\/v2\/product_brand?post=1635"},{"taxonomy":"product_cat","embeddable":true,"href":"https:\/\/thegrandedaringadventure.org\/tr\/wp-json\/wp\/v2\/product_cat?post=1635"},{"taxonomy":"product_tag","embeddable":true,"href":"https:\/\/thegrandedaringadventure.org\/tr\/wp-json\/wp\/v2\/product_tag?post=1635"}],"curies":[{"name":"wp","href":"https:\/\/api.w.org\/{rel}","templated":true}]}}