{"id":1720,"date":"2025-08-17T18:10:12","date_gmt":"2025-08-17T18:10:12","guid":{"rendered":"https:\/\/thegrandedaringadventure.org\/?post_type=product&#038;p=1720"},"modified":"2026-02-28T17:37:42","modified_gmt":"2026-02-28T15:37:42","slug":"ruya-icindeki-ruya-the-dream-within-the-dream-tr-120","status":"publish","type":"product","link":"https:\/\/thegrandedaringadventure.org\/tr\/urun\/ruya-icindeki-ruya-the-dream-within-the-dream-tr-120\/","title":{"rendered":"R\u00fcya \u0130\u00e7indeki R\u00fcya (The Dream Within The Dream) -TR   ($144)"},"content":{"rendered":"<div style=\"background: #f9f9f9; padding: 20px; border-radius: 16px; box-shadow: 0 2px 10px rgba(0,0,0,0.05); margin-bottom: 24px;\">\n<h2 style=\"margin: 0 0 8px;\">$144<\/h2>\n<p style=\"margin: 0 0 16px; color: #666;\">Senin r\u00fcyan\u0131 g\u00f6ren r\u00fcyac\u0131yla sinerji ve uyum i\u00e7inde \u00e7al\u0131\u015fmay\u0131 \u00f6\u011fren.<\/p>\n<p style=\"margin: 0 0 16px; color: #666;\">Ba\u015flang\u0131\u00e7 ve \u0130leri Seviye R\u00fcyac\u0131lar \u0130\u00e7in.<\/p>\n<p style=\"margin: 0 0 16px; color: #666;\">Dil: T\u00fcrk\u00e7e Terc\u00fcmeli<\/p>\n<h3 style=\"margin-bottom: 8px;\">\ud83c\udfa7 Kurs \u00d6nizlemesi<\/h3>\n<p><audio style=\"width: 100%;\" controls=\"controls\"><source src=\"https:\/\/thegrandedaringadventure.org\/wp-content\/uploads\/2025\/07\/Ruya-Icindeki-Ruya-Preview.mp3\" type=\"audio\/mpeg\" \/>Your browser does not support the audio element.<\/audio><\/p>\n<\/div>","protected":false},"excerpt":{"rendered":"<div style=\"background: #f9f9f9; padding: 20px; border-radius: 16px; box-shadow: 0 2px 10px rgba(0,0,0,0.05); margin-bottom: 24px;\">\n<h2 style=\"margin: 0 0 8px;\">$144<\/h2>\n<p style=\"margin: 0 0 16px; color: #666;\">Senin r\u00fcyan\u0131 g\u00f6ren r\u00fcyac\u0131yla sinerji ve uyum i\u00e7inde \u00e7al\u0131\u015fmay\u0131 \u00f6\u011fren.<\/p>\n<p style=\"margin: 0 0 16px; color: #666;\">Ba\u015flang\u0131\u00e7 ve \u0130leri Seviye R\u00fcyac\u0131lar \u0130\u00e7in.<\/p>\n<p style=\"margin: 0 0 16px; color: #666;\">Dil: T\u00fcrk\u00e7e Terc\u00fcmeli<\/p>\n<h3 style=\"margin-bottom: 8px;\">\ud83c\udfa7 Kurs \u00d6nizlemesi<\/h3>\n<p><audio style=\"width: 100%;\" controls=\"controls\"><source src=\"https:\/\/thegrandedaringadventure.org\/wp-content\/uploads\/2025\/07\/Ruya-Icindeki-Ruya-Preview.mp3\" type=\"audio\/mpeg\" \/>Your browser does not support the audio element.<\/audio><\/p>\n<\/div>","protected":false},"featured_media":1636,"comment_status":"open","ping_status":"closed","template":"","meta":{"iawp_total_views":10},"product_brand":[],"product_cat":[35],"product_tag":[],"class_list":{"0":"post-1720","1":"product","2":"type-product","3":"status-publish","4":"has-post-thumbnail","6":"product_cat-courses","8":"first","9":"instock","10":"downloadable","11":"virtual","12":"purchasable","13":"product-type-simple"},"_links":{"self":[{"href":"https:\/\/thegrandedaringadventure.org\/tr\/wp-json\/wp\/v2\/product\/1720","targetHints":{"allow":["GET"]}}],"collection":[{"href":"https:\/\/thegrandedaringadventure.org\/tr\/wp-json\/wp\/v2\/product"}],"about":[{"href":"https:\/\/thegrandedaringadventure.org\/tr\/wp-json\/wp\/v2\/types\/product"}],"replies":[{"embeddable":true,"href":"https:\/\/thegrandedaringadventure.org\/tr\/wp-json\/wp\/v2\/comments?post=1720"}],"wp:featuredmedia":[{"embeddable":true,"href":"https:\/\/thegrandedaringadventure.org\/tr\/wp-json\/wp\/v2\/media\/1636"}],"wp:attachment":[{"href":"https:\/\/thegrandedaringadventure.org\/tr\/wp-json\/wp\/v2\/media?parent=1720"}],"wp:term":[{"taxonomy":"product_brand","embeddable":true,"href":"https:\/\/thegrandedaringadventure.org\/tr\/wp-json\/wp\/v2\/product_brand?post=1720"},{"taxonomy":"product_cat","embeddable":true,"href":"https:\/\/thegrandedaringadventure.org\/tr\/wp-json\/wp\/v2\/product_cat?post=1720"},{"taxonomy":"product_tag","embeddable":true,"href":"https:\/\/thegrandedaringadventure.org\/tr\/wp-json\/wp\/v2\/product_tag?post=1720"}],"curies":[{"name":"wp","href":"https:\/\/api.w.org\/{rel}","templated":true}]}}