{"id":2656,"date":"2025-12-30T17:40:19","date_gmt":"2025-12-30T15:40:19","guid":{"rendered":"https:\/\/thegrandedaringadventure.org\/?post_type=product&#038;p=2656"},"modified":"2026-04-19T00:14:08","modified_gmt":"2026-04-18T22:14:08","slug":"kaos-tanricanin-donusu-the-great-work-ingilizce-turkce-tercumeli","status":"publish","type":"product","link":"https:\/\/thegrandedaringadventure.org\/tr\/urun\/kaos-tanricanin-donusu-the-great-work-ingilizce-turkce-tercumeli\/","title":{"rendered":"Kaos &#8211; Tanr\u0131\u00e7an\u0131n D\u00f6n\u00fc\u015f\u00fc   ($119) \/ The Great Work (\u0130ngilizce-T\u00fcrk\u00e7e Terc\u00fcmeli)"},"content":{"rendered":"<div style=\"background: #f9f9f9; padding: 20px; border-radius: 16px; box-shadow: 0 2px 10px rgba(0,0,0,0.05); margin-bottom: 24px;\">\n<h2 style=\"margin: 0 0 8px;\">$119<\/h2>\n<p style=\"margin: 0 0 16px; color: #666;\">Ya\u015fam\u0131nda kaosu da deneyimliyor olsan uyumu da deneyimliyor olsan, her iki \u015fekilde de bu bir \u015feyi m\u00fcmk\u00fcn k\u0131l\u0131yor.<\/p>\n<p style=\"margin: 0 0 16px; color: #666;\">Dil: \u0130ngilizce-T\u00fcrk\u00e7e Terc\u00fcmeli<\/p>\n<\/div>","protected":false},"excerpt":{"rendered":"<p>$119<br \/>\nDil: \u0130ngilizce-T\u00fcrk\u00e7e Terc\u00fcmeli<\/p>","protected":false},"featured_media":2758,"comment_status":"open","ping_status":"closed","template":"","meta":{"iawp_total_views":38},"product_brand":[],"product_cat":[39],"product_tag":[],"class_list":{"0":"post-2656","1":"product","2":"type-product","3":"status-publish","4":"has-post-thumbnail","6":"product_cat-the-great-work","8":"first","9":"instock","10":"downloadable","11":"virtual","12":"purchasable","13":"product-type-simple"},"_links":{"self":[{"href":"https:\/\/thegrandedaringadventure.org\/tr\/wp-json\/wp\/v2\/product\/2656","targetHints":{"allow":["GET"]}}],"collection":[{"href":"https:\/\/thegrandedaringadventure.org\/tr\/wp-json\/wp\/v2\/product"}],"about":[{"href":"https:\/\/thegrandedaringadventure.org\/tr\/wp-json\/wp\/v2\/types\/product"}],"replies":[{"embeddable":true,"href":"https:\/\/thegrandedaringadventure.org\/tr\/wp-json\/wp\/v2\/comments?post=2656"}],"wp:featuredmedia":[{"embeddable":true,"href":"https:\/\/thegrandedaringadventure.org\/tr\/wp-json\/wp\/v2\/media\/2758"}],"wp:attachment":[{"href":"https:\/\/thegrandedaringadventure.org\/tr\/wp-json\/wp\/v2\/media?parent=2656"}],"wp:term":[{"taxonomy":"product_brand","embeddable":true,"href":"https:\/\/thegrandedaringadventure.org\/tr\/wp-json\/wp\/v2\/product_brand?post=2656"},{"taxonomy":"product_cat","embeddable":true,"href":"https:\/\/thegrandedaringadventure.org\/tr\/wp-json\/wp\/v2\/product_cat?post=2656"},{"taxonomy":"product_tag","embeddable":true,"href":"https:\/\/thegrandedaringadventure.org\/tr\/wp-json\/wp\/v2\/product_tag?post=2656"}],"curies":[{"name":"wp","href":"https:\/\/api.w.org\/{rel}","templated":true}]}}