{"id":2853,"date":"2026-02-13T11:24:55","date_gmt":"2026-02-13T09:24:55","guid":{"rendered":"https:\/\/thegrandedaringadventure.org\/?post_type=product&#038;p=2853"},"modified":"2026-02-23T23:17:40","modified_gmt":"2026-02-23T21:17:40","slug":"sifa-sihri","status":"publish","type":"product","link":"https:\/\/thegrandedaringadventure.org\/tr\/urun\/sifa-sihri\/","title":{"rendered":"\u015eifa Sihri (Healing Magic)   $40"},"content":{"rendered":"<div style=\"background: #f9f9f9; padding: 20px; border-radius: 16px; box-shadow: 0 2px 10px rgba(0,0,0,0.05); margin-bottom: 24px;\">\n<h2 style=\"margin: 0 0 8px;\">$40<\/h2>\n<p style=\"margin: 0 0 16px; color: #666;\">Bu kursa neler dahil?<\/p>\n<p style=\"margin: 0 0 16px; color: #666;\">&#8211; Bedeninizi ve \u00c7akralar\u0131n\u0131z\u0131 Tan\u0131y\u0131n<\/p>\n<p style=\"margin: 0 0 16px; color: #666;\">&#8211; Evet&#8230;Ama Enerjisi ve Bereket<\/p>\n<p style=\"margin: 0 0 16px; color: #666;\">&#8211; Sevmenin Amac\u0131 &#8211; G\u00f6zenek Nefesi ve Fanlama<\/p>\n<p style=\"margin: 0 0 16px; color: #666;\">&#8211; \u0130nsanlar\u0131n Tezah\u00fcr\u00fcn\u00fc Kald\u0131rmak ve 3 A\u015famal\u0131 Nefes<\/p>\n<p style=\"margin: 0 0 16px; color: #666;\">Dil: \u0130ngilizce-T\u00fcrk\u00e7e Terc\u00fcmeli<\/p>\n<h3 style=\"margin-bottom: 8px;\">\ud83c\udfa7 Kurs \u00d6nizlemesi<\/h3>\n<p><audio style=\"width: 100%;\" controls=\"controls\"><source src=\"https:\/\/thegrandedaringadventure.org\/wp-content\/uploads\/2026\/02\/Sifa-Sihri-Preview.mp3\" \/>Your browser does not support the audio element.<\/audio><\/p>\n<\/div>","protected":false},"excerpt":{"rendered":"<p>$40<\/p>\n<p>Dil: \u0130ngilizce-T\u00fcrk\u00e7e Terc\u00fcmeli<\/p>\n<p>Kurs \u00f6nizlemesini a\u015fa\u011f\u0131da dinleyebilirsiniz \ud83c\udf38<\/p>","protected":false},"featured_media":2854,"comment_status":"open","ping_status":"closed","template":"","meta":{"iawp_total_views":8},"product_brand":[],"product_cat":[35],"product_tag":[],"class_list":{"0":"post-2853","1":"product","2":"type-product","3":"status-publish","4":"has-post-thumbnail","6":"product_cat-courses","8":"first","9":"instock","10":"downloadable","11":"virtual","12":"purchasable","13":"product-type-simple"},"_links":{"self":[{"href":"https:\/\/thegrandedaringadventure.org\/tr\/wp-json\/wp\/v2\/product\/2853","targetHints":{"allow":["GET"]}}],"collection":[{"href":"https:\/\/thegrandedaringadventure.org\/tr\/wp-json\/wp\/v2\/product"}],"about":[{"href":"https:\/\/thegrandedaringadventure.org\/tr\/wp-json\/wp\/v2\/types\/product"}],"replies":[{"embeddable":true,"href":"https:\/\/thegrandedaringadventure.org\/tr\/wp-json\/wp\/v2\/comments?post=2853"}],"wp:featuredmedia":[{"embeddable":true,"href":"https:\/\/thegrandedaringadventure.org\/tr\/wp-json\/wp\/v2\/media\/2854"}],"wp:attachment":[{"href":"https:\/\/thegrandedaringadventure.org\/tr\/wp-json\/wp\/v2\/media?parent=2853"}],"wp:term":[{"taxonomy":"product_brand","embeddable":true,"href":"https:\/\/thegrandedaringadventure.org\/tr\/wp-json\/wp\/v2\/product_brand?post=2853"},{"taxonomy":"product_cat","embeddable":true,"href":"https:\/\/thegrandedaringadventure.org\/tr\/wp-json\/wp\/v2\/product_cat?post=2853"},{"taxonomy":"product_tag","embeddable":true,"href":"https:\/\/thegrandedaringadventure.org\/tr\/wp-json\/wp\/v2\/product_tag?post=2853"}],"curies":[{"name":"wp","href":"https:\/\/api.w.org\/{rel}","templated":true}]}}