{"id":2864,"date":"2026-02-21T20:10:18","date_gmt":"2026-02-21T18:10:18","guid":{"rendered":"https:\/\/thegrandedaringadventure.org\/?post_type=product&#038;p=2864"},"modified":"2026-02-24T21:15:20","modified_gmt":"2026-02-24T19:15:20","slug":"yasam-evren-ve-her-sey-sihir-life-universe-and-everything-magic","status":"publish","type":"product","link":"https:\/\/thegrandedaringadventure.org\/tr\/urun\/yasam-evren-ve-her-sey-sihir-life-universe-and-everything-magic\/","title":{"rendered":"Ya\u015fam, Evren ve Her \u015eey &#8211; Sihir (Life, Universe and Everything &#8211; Magic)   ($29)"},"content":{"rendered":"<div style=\"background: #f9f9f9; padding: 20px; border-radius: 16px; box-shadow: 0 2px 10px rgba(0,0,0,0.05); margin-bottom: 24px;\">\n<h2 style=\"margin: 0 0 8px;\">$29<\/h2>\n<p style=\"margin: 0 0 16px; color: #666;\">Dil: \u0130ngilizce-T\u00fcrk\u00e7e Terc\u00fcmeli<\/p>\n<p style=\"margin: 0 0 16px; color: #666;\">Ka\u00e7 dilek hakk\u0131m var?<\/p>\n<h3 style=\"margin-bottom: 8px;\">\ud83c\udfa7 Kurs \u00d6nizlemesi<\/h3>\n<p><audio style=\"width: 100%;\" controls=\"controls\"><source src=\"https:\/\/thegrandedaringadventure.org\/wp-content\/uploads\/2026\/02\/Yasam-Evren-ve-Her-Sey-Sihir-Preview.mp3\" type=\"audio\/mpeg\" \/>Your browser does not support the audio element.<\/audio><\/p>\n<\/div>","protected":false},"excerpt":{"rendered":"<p>$29<br \/>\nDil:\u0130ngilizce-T\u00fcrk\u00e7e Terc\u00fcmeli<br \/>\nKurs \u00f6nizlemesini a\u015fa\u011f\u0131da dinleyebilirsiniz \ud83c\udf38<\/p>","protected":false},"featured_media":2865,"comment_status":"open","ping_status":"closed","template":"","meta":{"iawp_total_views":9},"product_brand":[],"product_cat":[35],"product_tag":[],"class_list":{"0":"post-2864","1":"product","2":"type-product","3":"status-publish","4":"has-post-thumbnail","6":"product_cat-courses","8":"first","9":"instock","10":"downloadable","11":"virtual","12":"purchasable","13":"product-type-simple"},"_links":{"self":[{"href":"https:\/\/thegrandedaringadventure.org\/tr\/wp-json\/wp\/v2\/product\/2864","targetHints":{"allow":["GET"]}}],"collection":[{"href":"https:\/\/thegrandedaringadventure.org\/tr\/wp-json\/wp\/v2\/product"}],"about":[{"href":"https:\/\/thegrandedaringadventure.org\/tr\/wp-json\/wp\/v2\/types\/product"}],"replies":[{"embeddable":true,"href":"https:\/\/thegrandedaringadventure.org\/tr\/wp-json\/wp\/v2\/comments?post=2864"}],"wp:featuredmedia":[{"embeddable":true,"href":"https:\/\/thegrandedaringadventure.org\/tr\/wp-json\/wp\/v2\/media\/2865"}],"wp:attachment":[{"href":"https:\/\/thegrandedaringadventure.org\/tr\/wp-json\/wp\/v2\/media?parent=2864"}],"wp:term":[{"taxonomy":"product_brand","embeddable":true,"href":"https:\/\/thegrandedaringadventure.org\/tr\/wp-json\/wp\/v2\/product_brand?post=2864"},{"taxonomy":"product_cat","embeddable":true,"href":"https:\/\/thegrandedaringadventure.org\/tr\/wp-json\/wp\/v2\/product_cat?post=2864"},{"taxonomy":"product_tag","embeddable":true,"href":"https:\/\/thegrandedaringadventure.org\/tr\/wp-json\/wp\/v2\/product_tag?post=2864"}],"curies":[{"name":"wp","href":"https:\/\/api.w.org\/{rel}","templated":true}]}}