{"id":2872,"date":"2026-02-23T21:30:02","date_gmt":"2026-02-23T19:30:02","guid":{"rendered":"https:\/\/thegrandedaringadventure.org\/?post_type=product&#038;p=2872"},"modified":"2026-02-24T21:14:04","modified_gmt":"2026-02-24T19:14:04","slug":"patternler-ve-kilit-taslari-patterns-and-keystones","status":"publish","type":"product","link":"https:\/\/thegrandedaringadventure.org\/tr\/urun\/patternler-ve-kilit-taslari-patterns-and-keystones\/","title":{"rendered":"Patternler ve Kilit Ta\u015flar\u0131 (Patterns and Keystones)"},"content":{"rendered":"<p>$1<\/p>\n<p>Dil: \u0130ngilizce &#8211; T\u00fcrk\u00e7e terc\u00fcmeli<\/p>","protected":false},"excerpt":{"rendered":"<p>$1<\/p>\n<p>Dil: \u0130ngilizce-T\u00fcrk\u00e7e terc\u00fcmeli<\/p>","protected":false},"featured_media":2873,"comment_status":"closed","ping_status":"closed","template":"","meta":{"iawp_total_views":4},"product_brand":[],"product_cat":[33],"product_tag":[],"class_list":{"0":"post-2872","1":"product","2":"type-product","3":"status-publish","4":"has-post-thumbnail","6":"product_cat-1-store","8":"first","9":"instock","10":"downloadable","11":"virtual","12":"purchasable","13":"product-type-simple"},"_links":{"self":[{"href":"https:\/\/thegrandedaringadventure.org\/tr\/wp-json\/wp\/v2\/product\/2872","targetHints":{"allow":["GET"]}}],"collection":[{"href":"https:\/\/thegrandedaringadventure.org\/tr\/wp-json\/wp\/v2\/product"}],"about":[{"href":"https:\/\/thegrandedaringadventure.org\/tr\/wp-json\/wp\/v2\/types\/product"}],"replies":[{"embeddable":true,"href":"https:\/\/thegrandedaringadventure.org\/tr\/wp-json\/wp\/v2\/comments?post=2872"}],"wp:featuredmedia":[{"embeddable":true,"href":"https:\/\/thegrandedaringadventure.org\/tr\/wp-json\/wp\/v2\/media\/2873"}],"wp:attachment":[{"href":"https:\/\/thegrandedaringadventure.org\/tr\/wp-json\/wp\/v2\/media?parent=2872"}],"wp:term":[{"taxonomy":"product_brand","embeddable":true,"href":"https:\/\/thegrandedaringadventure.org\/tr\/wp-json\/wp\/v2\/product_brand?post=2872"},{"taxonomy":"product_cat","embeddable":true,"href":"https:\/\/thegrandedaringadventure.org\/tr\/wp-json\/wp\/v2\/product_cat?post=2872"},{"taxonomy":"product_tag","embeddable":true,"href":"https:\/\/thegrandedaringadventure.org\/tr\/wp-json\/wp\/v2\/product_tag?post=2872"}],"curies":[{"name":"wp","href":"https:\/\/api.w.org\/{rel}","templated":true}]}}