{"id":2874,"date":"2026-02-23T21:32:20","date_gmt":"2026-02-23T19:32:20","guid":{"rendered":"https:\/\/thegrandedaringadventure.org\/?post_type=product&#038;p=2874"},"modified":"2026-02-24T21:13:34","modified_gmt":"2026-02-24T19:13:34","slug":"icerideki-3-dusman-the-3-enemies-within","status":"publish","type":"product","link":"https:\/\/thegrandedaringadventure.org\/tr\/urun\/icerideki-3-dusman-the-3-enemies-within\/","title":{"rendered":"\u0130\u00e7erideki 3 D\u00fc\u015fman (the 3 Enemies Within)"},"content":{"rendered":"<p>$1<\/p>\n<p>Dil: \u0130ngilizce &#8211; T\u00fcrk\u00e7e terc\u00fcmeli<\/p>","protected":false},"excerpt":{"rendered":"<p>$1<\/p>\n<p>Dil: \u0130ngilizce-T\u00fcrk\u00e7e terc\u00fcmeli<\/p>","protected":false},"featured_media":2875,"comment_status":"closed","ping_status":"closed","template":"","meta":{"iawp_total_views":12},"product_brand":[],"product_cat":[33],"product_tag":[],"class_list":{"0":"post-2874","1":"product","2":"type-product","3":"status-publish","4":"has-post-thumbnail","6":"product_cat-1-store","8":"first","9":"instock","10":"downloadable","11":"virtual","12":"purchasable","13":"product-type-simple"},"_links":{"self":[{"href":"https:\/\/thegrandedaringadventure.org\/tr\/wp-json\/wp\/v2\/product\/2874","targetHints":{"allow":["GET"]}}],"collection":[{"href":"https:\/\/thegrandedaringadventure.org\/tr\/wp-json\/wp\/v2\/product"}],"about":[{"href":"https:\/\/thegrandedaringadventure.org\/tr\/wp-json\/wp\/v2\/types\/product"}],"replies":[{"embeddable":true,"href":"https:\/\/thegrandedaringadventure.org\/tr\/wp-json\/wp\/v2\/comments?post=2874"}],"wp:featuredmedia":[{"embeddable":true,"href":"https:\/\/thegrandedaringadventure.org\/tr\/wp-json\/wp\/v2\/media\/2875"}],"wp:attachment":[{"href":"https:\/\/thegrandedaringadventure.org\/tr\/wp-json\/wp\/v2\/media?parent=2874"}],"wp:term":[{"taxonomy":"product_brand","embeddable":true,"href":"https:\/\/thegrandedaringadventure.org\/tr\/wp-json\/wp\/v2\/product_brand?post=2874"},{"taxonomy":"product_cat","embeddable":true,"href":"https:\/\/thegrandedaringadventure.org\/tr\/wp-json\/wp\/v2\/product_cat?post=2874"},{"taxonomy":"product_tag","embeddable":true,"href":"https:\/\/thegrandedaringadventure.org\/tr\/wp-json\/wp\/v2\/product_tag?post=2874"}],"curies":[{"name":"wp","href":"https:\/\/api.w.org\/{rel}","templated":true}]}}