{"id":2883,"date":"2026-02-28T14:34:36","date_gmt":"2026-02-28T12:34:36","guid":{"rendered":"https:\/\/thegrandedaringadventure.org\/?post_type=product&#038;p=2883"},"modified":"2026-02-28T14:37:21","modified_gmt":"2026-02-28T12:37:21","slug":"yasam-evren-ve-her-sey-kader-secimlife-universe-and-everything-destiny-choice","status":"publish","type":"product","link":"https:\/\/thegrandedaringadventure.org\/tr\/urun\/yasam-evren-ve-her-sey-kader-secimlife-universe-and-everything-destiny-choice\/","title":{"rendered":"Ya\u015fam, Evren ve Her \u015eey &#8211; Kader &#038; Se\u00e7im(Life, Universe and Everything &#8211; Destiny &#038; Choice)   ($29)"},"content":{"rendered":"<div style=\"background: #f9f9f9; padding: 20px; border-radius: 16px; box-shadow: 0 2px 10px rgba(0,0,0,0.05); margin-bottom: 24px;\">\n<h2 style=\"margin: 0 0 8px;\">$29<\/h2>\n<p style=\"margin: 0 0 16px; color: #666;\">Dil: \u0130ngilizce-T\u00fcrk\u00e7e Terc\u00fcmeli<\/p>\n<p style=\"margin: 0 0 16px; color: #666;\">Kaderin ne? Kaderini ya\u015f\u0131yor musun?<\/p>\n<h3 style=\"margin-bottom: 8px;\">\ud83c\udfa7 Kurs \u00d6nizlemesi<\/h3>\n<p><audio style=\"width: 100%;\" controls=\"controls\"><source src=\"https:\/\/thegrandedaringadventure.org\/wp-content\/uploads\/2026\/02\/Life-Universe-and-Everything-Destiny-Choice-Preview.mp3\" type=\"audio\/mpeg\" \/>Your browser does not support the audio element.<\/audio><\/p>\n<\/div>","protected":false},"excerpt":{"rendered":"<p>$29<br \/>\nDil:\u0130ngilizce-T\u00fcrk\u00e7e Terc\u00fcmeli<br \/>\nKurs \u00f6nizlemesini a\u015fa\u011f\u0131da dinleyebilirsiniz \ud83c\udf38<\/p>","protected":false},"featured_media":2884,"comment_status":"open","ping_status":"closed","template":"","meta":{"iawp_total_views":13},"product_brand":[],"product_cat":[35],"product_tag":[],"class_list":{"0":"post-2883","1":"product","2":"type-product","3":"status-publish","4":"has-post-thumbnail","6":"product_cat-courses","8":"first","9":"instock","10":"downloadable","11":"virtual","12":"purchasable","13":"product-type-simple"},"_links":{"self":[{"href":"https:\/\/thegrandedaringadventure.org\/tr\/wp-json\/wp\/v2\/product\/2883","targetHints":{"allow":["GET"]}}],"collection":[{"href":"https:\/\/thegrandedaringadventure.org\/tr\/wp-json\/wp\/v2\/product"}],"about":[{"href":"https:\/\/thegrandedaringadventure.org\/tr\/wp-json\/wp\/v2\/types\/product"}],"replies":[{"embeddable":true,"href":"https:\/\/thegrandedaringadventure.org\/tr\/wp-json\/wp\/v2\/comments?post=2883"}],"wp:featuredmedia":[{"embeddable":true,"href":"https:\/\/thegrandedaringadventure.org\/tr\/wp-json\/wp\/v2\/media\/2884"}],"wp:attachment":[{"href":"https:\/\/thegrandedaringadventure.org\/tr\/wp-json\/wp\/v2\/media?parent=2883"}],"wp:term":[{"taxonomy":"product_brand","embeddable":true,"href":"https:\/\/thegrandedaringadventure.org\/tr\/wp-json\/wp\/v2\/product_brand?post=2883"},{"taxonomy":"product_cat","embeddable":true,"href":"https:\/\/thegrandedaringadventure.org\/tr\/wp-json\/wp\/v2\/product_cat?post=2883"},{"taxonomy":"product_tag","embeddable":true,"href":"https:\/\/thegrandedaringadventure.org\/tr\/wp-json\/wp\/v2\/product_tag?post=2883"}],"curies":[{"name":"wp","href":"https:\/\/api.w.org\/{rel}","templated":true}]}}