{"id":2888,"date":"2026-02-28T15:03:56","date_gmt":"2026-02-28T13:03:56","guid":{"rendered":"https:\/\/thegrandedaringadventure.org\/?post_type=product&#038;p=2888"},"modified":"2026-02-28T15:07:15","modified_gmt":"2026-02-28T13:07:15","slug":"sihre-dokun-touch-the-magic","status":"publish","type":"product","link":"https:\/\/thegrandedaringadventure.org\/tr\/urun\/sihre-dokun-touch-the-magic\/","title":{"rendered":"Sihre Dokun (Touch the Magic)   ($38)"},"content":{"rendered":"<div style=\"background: #f9f9f9; padding: 20px; border-radius: 16px; box-shadow: 0 2px 10px rgba(0,0,0,0.05); margin-bottom: 24px;\">\n<h2 style=\"margin: 0 0 8px;\">$38<\/h2>\n<p style=\"margin: 0 0 16px; color: #666;\">Dil: \u0130ngilizce-T\u00fcrk\u00e7e Terc\u00fcmeli<\/p>\n<p style=\"margin: 0 0 16px; color: #666;\">Sihir ve mucizelerin hazine sand\u0131\u011f\u0131n\u0131 a\u00e7maya haz\u0131r m\u0131s\u0131n?<\/p>\n<h3 style=\"margin-bottom: 8px;\">\ud83c\udfa7 Kurs \u00d6nizlemesi<\/h3>\n<p><audio style=\"width: 100%;\" controls=\"controls\"><source src=\"https:\/\/thegrandedaringadventure.org\/wp-content\/uploads\/2026\/02\/Sihre-Dokun-Touch-the-Magic-Preview.mp3\" type=\"audio\/mpeg\" \/>Your browser does not support the audio element.<\/audio><\/p>","protected":false},"excerpt":{"rendered":"<p>$38<\/p>\n<p>Dil: \u0130ngilizce-T\u00fcrk\u00e7e Terc\u00fcmeli<\/p>\n<p>Kurs \u00f6nizlemesini a\u015fa\u011f\u0131da dinleyebilirsiniz \ud83c\udf38<\/p>","protected":false},"featured_media":2877,"comment_status":"open","ping_status":"closed","template":"","meta":{"iawp_total_views":10},"product_brand":[],"product_cat":[35],"product_tag":[],"class_list":{"0":"post-2888","1":"product","2":"type-product","3":"status-publish","4":"has-post-thumbnail","6":"product_cat-courses","8":"first","9":"instock","10":"downloadable","11":"virtual","12":"purchasable","13":"product-type-simple"},"_links":{"self":[{"href":"https:\/\/thegrandedaringadventure.org\/tr\/wp-json\/wp\/v2\/product\/2888","targetHints":{"allow":["GET"]}}],"collection":[{"href":"https:\/\/thegrandedaringadventure.org\/tr\/wp-json\/wp\/v2\/product"}],"about":[{"href":"https:\/\/thegrandedaringadventure.org\/tr\/wp-json\/wp\/v2\/types\/product"}],"replies":[{"embeddable":true,"href":"https:\/\/thegrandedaringadventure.org\/tr\/wp-json\/wp\/v2\/comments?post=2888"}],"wp:featuredmedia":[{"embeddable":true,"href":"https:\/\/thegrandedaringadventure.org\/tr\/wp-json\/wp\/v2\/media\/2877"}],"wp:attachment":[{"href":"https:\/\/thegrandedaringadventure.org\/tr\/wp-json\/wp\/v2\/media?parent=2888"}],"wp:term":[{"taxonomy":"product_brand","embeddable":true,"href":"https:\/\/thegrandedaringadventure.org\/tr\/wp-json\/wp\/v2\/product_brand?post=2888"},{"taxonomy":"product_cat","embeddable":true,"href":"https:\/\/thegrandedaringadventure.org\/tr\/wp-json\/wp\/v2\/product_cat?post=2888"},{"taxonomy":"product_tag","embeddable":true,"href":"https:\/\/thegrandedaringadventure.org\/tr\/wp-json\/wp\/v2\/product_tag?post=2888"}],"curies":[{"name":"wp","href":"https:\/\/api.w.org\/{rel}","templated":true}]}}